{"id":171,"date":"2011-11-12T21:50:51","date_gmt":"2011-11-13T00:50:51","guid":{"rendered":"http:\/\/www.arqueologia.cl\/lcornejo\/?page_id=171"},"modified":"2012-08-16T09:01:48","modified_gmt":"2012-08-16T13:01:48","slug":"iv-taller-de-arqueologia-del-centro-chileno-y-argentino","status":"publish","type":"page","link":"https:\/\/www.arqueologia.cl\/lcornejo\/?page_id=171","title":{"rendered":"IV Taller de Arqueolog\u00eda del Centro chileno y argentino"},"content":{"rendered":"<p align=\"center\"><a href=\"https:\/\/www.arqueologia.cl\/lcornejo\/wp-content\/uploads\/2011\/11\/banderas.gif\"><img data-attachment-id=\"172\" data-permalink=\"https:\/\/www.arqueologia.cl\/lcornejo\/?attachment_id=172\" data-orig-file=\"https:\/\/www.arqueologia.cl\/lcornejo\/wp-content\/uploads\/2011\/11\/banderas.gif\" data-orig-size=\"480,154\" data-comments-opened=\"1\" data-image-meta=\"{&quot;aperture&quot;:&quot;0&quot;,&quot;credit&quot;:&quot;&quot;,&quot;camera&quot;:&quot;&quot;,&quot;caption&quot;:&quot;&quot;,&quot;created_timestamp&quot;:&quot;0&quot;,&quot;copyright&quot;:&quot;&quot;,&quot;focal_length&quot;:&quot;0&quot;,&quot;iso&quot;:&quot;0&quot;,&quot;shutter_speed&quot;:&quot;0&quot;,&quot;title&quot;:&quot;&quot;}\" data-image-title=\"banderas\" data-image-description=\"\" data-image-caption=\"\" data-medium-file=\"https:\/\/www.arqueologia.cl\/lcornejo\/wp-content\/uploads\/2011\/11\/banderas-300x96.gif\" data-large-file=\"https:\/\/www.arqueologia.cl\/lcornejo\/wp-content\/uploads\/2011\/11\/banderas.gif\" decoding=\"async\" loading=\"lazy\" class=\"aligncenter size-medium wp-image-172\" title=\"banderas\" src=\"https:\/\/www.arqueologia.cl\/lcornejo\/wp-content\/uploads\/2011\/11\/banderas-300x96.gif\" alt=\"\" width=\"300\" height=\"96\" srcset=\"https:\/\/www.arqueologia.cl\/lcornejo\/wp-content\/uploads\/2011\/11\/banderas-300x96.gif 300w, https:\/\/www.arqueologia.cl\/lcornejo\/wp-content\/uploads\/2011\/11\/banderas.gif 480w\" sizes=\"(max-width: 300px) 100vw, 300px\" \/><\/a><\/p>\n<p><span style=\"color: #000000;\">El IV Taller de Arqueolog\u00eda del Centro chileno y argentino se realiz\u00f3 en las dependencias del Museo Chileno de Arte Precolombino en la ciudad de Santiago de Chile entre los d\u00edas 8 y 10 de diciembre y cont\u00f3 con cerca de 40 asistentes. La reuni\u00f3n tuvo auspicioso resultados, d\u00e1ndose la posibilidad de exponer y debatir una serie de t\u00f3picos de inter\u00e9s regional, pero que en muchos casos transcendieron a lo te\u00f3rico o metodol\u00f3gico. La modalidad de trabajo fue que cada equipo tuvo un tiempo para exponer y discutir los aspectos que cada equipo consider\u00f3 relevante de compartir en t\u00e9rminos de nuevos registros arqueol\u00f3gicos y de los enfoques que est\u00e1n desarrollando. Si bien se prioriz\u00f3 la presentaci\u00f3n de equipos de trabajos que se encuentren desarrollando proyectos o programas de investigaci\u00f3n en el \u00e1rea, tambi\u00e9n se destin\u00f3 un tiempo a presentaciones monogr\u00e1ficas de inter\u00e9s regional.<\/span><\/p>\n<h2 style=\"text-align: center;\"><span style=\"color: #000000;\"><a href=\"https:\/\/www.arqueologia.cl\/lcornejo\/?page_id=184 \"><strong>R<\/strong><strong>esumenes de las presentaciones<\/strong><\/a><\/span><\/h2>\n<p align=\"center\"><span style=\"color: #000000;\">Imagenes de las Sesiones<\/span><\/p>\n<p>\u00a0<a href=\"https:\/\/www.arqueologia.cl\/lcornejo\/wp-content\/uploads\/2011\/11\/taller-1.jpg\"><img data-attachment-id=\"173\" data-permalink=\"https:\/\/www.arqueologia.cl\/lcornejo\/?attachment_id=173\" data-orig-file=\"https:\/\/www.arqueologia.cl\/lcornejo\/wp-content\/uploads\/2011\/11\/taller-1.jpg\" data-orig-size=\"640,426\" data-comments-opened=\"1\" data-image-meta=\"{&quot;aperture&quot;:&quot;0&quot;,&quot;credit&quot;:&quot;&quot;,&quot;camera&quot;:&quot;&quot;,&quot;caption&quot;:&quot;&quot;,&quot;created_timestamp&quot;:&quot;0&quot;,&quot;copyright&quot;:&quot;&quot;,&quot;focal_length&quot;:&quot;0&quot;,&quot;iso&quot;:&quot;0&quot;,&quot;shutter_speed&quot;:&quot;0&quot;,&quot;title&quot;:&quot;&quot;}\" data-image-title=\"taller 1\" data-image-description=\"\" data-image-caption=\"\" data-medium-file=\"https:\/\/www.arqueologia.cl\/lcornejo\/wp-content\/uploads\/2011\/11\/taller-1-300x199.jpg\" data-large-file=\"https:\/\/www.arqueologia.cl\/lcornejo\/wp-content\/uploads\/2011\/11\/taller-1.jpg\" decoding=\"async\" loading=\"lazy\" class=\"aligncenter size-full wp-image-173\" title=\"taller 1\" src=\"https:\/\/www.arqueologia.cl\/lcornejo\/wp-content\/uploads\/2011\/11\/taller-1.jpg\" alt=\"\" width=\"613\" height=\"410\" \/><\/a><\/p>\n<p style=\"text-align: justify;\"><a href=\"https:\/\/www.arqueologia.cl\/lcornejo\/wp-content\/uploads\/2011\/11\/Taller-2.jpg\"><img data-attachment-id=\"174\" data-permalink=\"https:\/\/www.arqueologia.cl\/lcornejo\/?attachment_id=174\" data-orig-file=\"https:\/\/www.arqueologia.cl\/lcornejo\/wp-content\/uploads\/2011\/11\/Taller-2.jpg\" data-orig-size=\"640,426\" data-comments-opened=\"1\" data-image-meta=\"{&quot;aperture&quot;:&quot;0&quot;,&quot;credit&quot;:&quot;&quot;,&quot;camera&quot;:&quot;&quot;,&quot;caption&quot;:&quot;&quot;,&quot;created_timestamp&quot;:&quot;0&quot;,&quot;copyright&quot;:&quot;&quot;,&quot;focal_length&quot;:&quot;0&quot;,&quot;iso&quot;:&quot;0&quot;,&quot;shutter_speed&quot;:&quot;0&quot;,&quot;title&quot;:&quot;&quot;}\" data-image-title=\"Taller 2\" data-image-description=\"\" data-image-caption=\"\" data-medium-file=\"https:\/\/www.arqueologia.cl\/lcornejo\/wp-content\/uploads\/2011\/11\/Taller-2-300x199.jpg\" data-large-file=\"https:\/\/www.arqueologia.cl\/lcornejo\/wp-content\/uploads\/2011\/11\/Taller-2.jpg\" decoding=\"async\" loading=\"lazy\" class=\"size-full wp-image-174\" title=\"Taller 2\" src=\"https:\/\/www.arqueologia.cl\/lcornejo\/wp-content\/uploads\/2011\/11\/Taller-2.jpg\" alt=\"\" width=\"635\" height=\"414\" \/><\/a><\/p>\n<h2 align=\"center\"><\/h2>\n<p><span style=\"color: #000000;\">Organizadores:<\/span><\/p>\n<p><span style=\"color: #000000;\">Por Argentina: Horacio Chiavaza y Cristina Prieto<\/span><\/p>\n<p><span style=\"color: #000000;\">Por Chile: Luis Cornejo y Lorena Sanhieza<\/span><\/p>\n<p><span style=\"color: #000000;\">Con el auspicio del Museo Chileno de Arte Precolembino<\/span><\/p>\n<p style=\"text-align: justify;\"><span style=\"color: #000000;\"><a href=\"https:\/\/www.arqueologia.cl\/lcornejo\/wp-content\/uploads\/2011\/11\/ico2.jpg\"><img data-attachment-id=\"178\" data-permalink=\"https:\/\/www.arqueologia.cl\/lcornejo\/?attachment_id=178\" data-orig-file=\"https:\/\/www.arqueologia.cl\/lcornejo\/wp-content\/uploads\/2011\/11\/ico2.jpg\" data-orig-size=\"640,91\" data-comments-opened=\"1\" data-image-meta=\"{&quot;aperture&quot;:&quot;0&quot;,&quot;credit&quot;:&quot;&quot;,&quot;camera&quot;:&quot;&quot;,&quot;caption&quot;:&quot;&quot;,&quot;created_timestamp&quot;:&quot;0&quot;,&quot;copyright&quot;:&quot;&quot;,&quot;focal_length&quot;:&quot;0&quot;,&quot;iso&quot;:&quot;0&quot;,&quot;shutter_speed&quot;:&quot;0&quot;,&quot;title&quot;:&quot;&quot;}\" data-image-title=\"ico\" data-image-description=\"\" data-image-caption=\"\" data-medium-file=\"https:\/\/www.arqueologia.cl\/lcornejo\/wp-content\/uploads\/2011\/11\/ico2-300x42.jpg\" data-large-file=\"https:\/\/www.arqueologia.cl\/lcornejo\/wp-content\/uploads\/2011\/11\/ico2.jpg\" decoding=\"async\" loading=\"lazy\" class=\"size-full wp-image-178\" title=\"ico\" src=\"https:\/\/www.arqueologia.cl\/lcornejo\/wp-content\/uploads\/2011\/11\/ico2.jpg\" alt=\"\" width=\"402\" height=\"49\" \/><\/a><\/span><\/p>\n<p>&nbsp;<\/p>\n<p>&nbsp;<br \/>\n<script type=\"text\/javascript\"><\/p>\n<p>  var _gaq = _gaq || [];\n  _gaq.push(['_setAccount', 'UA-4811514-1']);\n  _gaq.push(['_trackPageview']);<\/p>\n<p>  (function() {\n    var ga = document.createElement('script'); ga.type = 'text\/javascript'; ga.async = true;\n    ga.src = ('https:' == document.location.protocol ? 'https:\/\/ssl' : 'http:\/\/www') + '.google-analytics.com\/ga.js';\n    var s = document.getElementsByTagName('script')[0]; s.parentNode.insertBefore(ga, s);\n  })();<\/p>\n<p><\/script><br \/>\n&nbsp;<\/p>\n","protected":false},"excerpt":{"rendered":"<p>El IV Taller de Arqueolog\u00eda del Centro chileno y argentino se realiz\u00f3 en las dependencias del Museo Chileno de Arte Precolombino en la ciudad de Santiago de Chile entre los d\u00edas 8 y 10 de diciembre y cont\u00f3 con cerca de 40 asistentes. La reuni\u00f3n tuvo auspicioso resultados, d\u00e1ndose la posibilidad de exponer y debatir &hellip; <a href=\"https:\/\/www.arqueologia.cl\/lcornejo\/?page_id=171\" class=\"more-link\">Seguir leyendo <span class=\"screen-reader-text\">IV Taller de Arqueolog\u00eda del Centro chileno y argentino<\/span> <span class=\"meta-nav\">&rarr;<\/span><\/a><\/p>\n","protected":false},"author":1,"featured_media":0,"parent":0,"menu_order":0,"comment_status":"open","ping_status":"open","template":"","meta":{"jetpack_post_was_ever_published":false},"jetpack_shortlink":"https:\/\/wp.me\/P1Zj5N-2L","jetpack_sharing_enabled":true,"_links":{"self":[{"href":"https:\/\/www.arqueologia.cl\/lcornejo\/index.php?rest_route=\/wp\/v2\/pages\/171"}],"collection":[{"href":"https:\/\/www.arqueologia.cl\/lcornejo\/index.php?rest_route=\/wp\/v2\/pages"}],"about":[{"href":"https:\/\/www.arqueologia.cl\/lcornejo\/index.php?rest_route=\/wp\/v2\/types\/page"}],"author":[{"embeddable":true,"href":"https:\/\/www.arqueologia.cl\/lcornejo\/index.php?rest_route=\/wp\/v2\/users\/1"}],"replies":[{"embeddable":true,"href":"https:\/\/www.arqueologia.cl\/lcornejo\/index.php?rest_route=%2Fwp%2Fv2%2Fcomments&post=171"}],"version-history":[{"count":7,"href":"https:\/\/www.arqueologia.cl\/lcornejo\/index.php?rest_route=\/wp\/v2\/pages\/171\/revisions"}],"predecessor-version":[{"id":382,"href":"https:\/\/www.arqueologia.cl\/lcornejo\/index.php?rest_route=\/wp\/v2\/pages\/171\/revisions\/382"}],"wp:attachment":[{"href":"https:\/\/www.arqueologia.cl\/lcornejo\/index.php?rest_route=%2Fwp%2Fv2%2Fmedia&parent=171"}],"curies":[{"name":"wp","href":"https:\/\/api.w.org\/{rel}","templated":true}]}}