{"id":231,"date":"2011-11-26T18:49:21","date_gmt":"2011-11-26T21:49:21","guid":{"rendered":"http:\/\/www.arqueologia.cl\/lcornejo\/?page_id=231"},"modified":"2012-08-16T09:04:32","modified_gmt":"2012-08-16T13:04:32","slug":"resultados-poryecto-fondecyt-1060228","status":"publish","type":"page","link":"https:\/\/www.arqueologia.cl\/lcornejo\/?page_id=231","title":{"rendered":"Resultados poryecto FONDECYT 1060228"},"content":{"rendered":"<h2 align=\"center\">\u00a0<\/h2>\n<h2 align=\"center\"><span style=\"color: #000000;\">CAZADORES RECOLECTORES DE CHILE CENTRAL: ANTES Y DESPU\u00c9S DE LA PRODUCCI\u00d3N DE ALIMENTOS Y DE LA ALFARER\u00cdA<\/span><\/h2>\n<p><span style=\"color: #000000;\">\u00a0<\/span><span style=\"color: #000000;\">\u00a0<\/span><\/p>\n<p><span style=\"color: #000000;\"><a title=\"Informe Final Proyecto FONDECYT 1060228\" href=\"https:\/\/www.arqueologia.cl\/lcornejo\/?page_id=242\">INFORME FINAL<\/a>\u00a0\u00a0\u00a0\u00a0\u00a0\u00a0\u00a0\u00a0\u00a0\u00a0\u00a0\u00a0\u00a0\u00a0\u00a0\u00a0\u00a0\u00a0\u00a0\u00a0\u00a0\u00a0\u00a0\u00a0\u00a0\u00a0\u00a0\u00a0\u00a0\u00a0<\/span><\/p>\n<p><span style=\"color: #000000;\"><a href=\"https:\/\/www.arqueologia.cl\/lcornejo\/?page_id=255\">MATERIAL IN\u00c9DITO<\/a><\/span><\/p>\n<p>&nbsp;<\/p>\n<p>I<span style=\"color: #000000;\">nvestigador Responsable: Luis E. Cornejo B. Co-Investigadores:\u00a0 <\/span><span style=\"color: #000000;\">Lorena Sanhueza R., Mar\u00eda Teresa Planella O., Miguel Saavedra V. y Patricio Galarce C. Periodo: 2006-2009<\/span><\/p>\n<p><script type=\"text\/javascript\"><\/p>\n<p>  var _gaq = _gaq || [];\n  _gaq.push(['_setAccount', 'UA-4811514-1']);\n  _gaq.push(['_trackPageview']);<\/p>\n<p>  (function() {\n    var ga = document.createElement('script'); ga.type = 'text\/javascript'; ga.async = true;\n    ga.src = ('https:' == document.location.protocol ? 'https:\/\/ssl' : 'http:\/\/www') + '.google-analytics.com\/ga.js';\n    var s = document.getElementsByTagName('script')[0]; s.parentNode.insertBefore(ga, s);\n  })();<\/p>\n<p><\/script><br \/>\n&nbsp;<\/p>\n","protected":false},"excerpt":{"rendered":"<p>\u00a0 CAZADORES RECOLECTORES DE CHILE CENTRAL: ANTES Y DESPU\u00c9S DE LA PRODUCCI\u00d3N DE ALIMENTOS Y DE LA ALFARER\u00cdA \u00a0\u00a0 INFORME FINAL\u00a0\u00a0\u00a0\u00a0\u00a0\u00a0\u00a0\u00a0\u00a0\u00a0\u00a0\u00a0\u00a0\u00a0\u00a0\u00a0\u00a0\u00a0\u00a0\u00a0\u00a0\u00a0\u00a0\u00a0\u00a0\u00a0\u00a0\u00a0\u00a0\u00a0 MATERIAL IN\u00c9DITO &nbsp; Investigador Responsable: Luis E. Cornejo B. Co-Investigadores:\u00a0 Lorena Sanhueza R., Mar\u00eda Teresa Planella O., Miguel Saavedra V. y Patricio Galarce C. Periodo: 2006-2009 &nbsp;<\/p>\n","protected":false},"author":1,"featured_media":0,"parent":0,"menu_order":0,"comment_status":"open","ping_status":"open","template":"","meta":{"jetpack_post_was_ever_published":false},"jetpack_shortlink":"https:\/\/wp.me\/P1Zj5N-3J","jetpack_sharing_enabled":true,"_links":{"self":[{"href":"https:\/\/www.arqueologia.cl\/lcornejo\/index.php?rest_route=\/wp\/v2\/pages\/231"}],"collection":[{"href":"https:\/\/www.arqueologia.cl\/lcornejo\/index.php?rest_route=\/wp\/v2\/pages"}],"about":[{"href":"https:\/\/www.arqueologia.cl\/lcornejo\/index.php?rest_route=\/wp\/v2\/types\/page"}],"author":[{"embeddable":true,"href":"https:\/\/www.arqueologia.cl\/lcornejo\/index.php?rest_route=\/wp\/v2\/users\/1"}],"replies":[{"embeddable":true,"href":"https:\/\/www.arqueologia.cl\/lcornejo\/index.php?rest_route=%2Fwp%2Fv2%2Fcomments&post=231"}],"version-history":[{"count":15,"href":"https:\/\/www.arqueologia.cl\/lcornejo\/index.php?rest_route=\/wp\/v2\/pages\/231\/revisions"}],"predecessor-version":[{"id":386,"href":"https:\/\/www.arqueologia.cl\/lcornejo\/index.php?rest_route=\/wp\/v2\/pages\/231\/revisions\/386"}],"wp:attachment":[{"href":"https:\/\/www.arqueologia.cl\/lcornejo\/index.php?rest_route=%2Fwp%2Fv2%2Fmedia&parent=231"}],"curies":[{"name":"wp","href":"https:\/\/api.w.org\/{rel}","templated":true}]}}