{"id":616,"date":"2013-12-30T17:06:03","date_gmt":"2013-12-30T20:06:03","guid":{"rendered":"http:\/\/www.arqueologia.cl\/lcornejo\/?page_id=616"},"modified":"2023-05-04T15:32:48","modified_gmt":"2023-05-04T19:32:48","slug":"jornadas-de-arqueologia-y-ciencia","status":"publish","type":"page","link":"https:\/\/www.arqueologia.cl\/lcornejo\/?page_id=616","title":{"rendered":"Jornadas de Arqueolog\u00eda y Ciencia"},"content":{"rendered":"<p style=\"text-align: left;\" align=\"center\">\u00a0<a href=\"https:\/\/www.arqueologia.cl\/lcornejo\/wp-content\/uploads\/2013\/12\/Jornadas-de-Arqueologia-y-Ciencia-1983-2.jpg\"><img data-attachment-id=\"619\" data-permalink=\"https:\/\/www.arqueologia.cl\/lcornejo\/?attachment_id=619\" data-orig-file=\"https:\/\/www.arqueologia.cl\/lcornejo\/wp-content\/uploads\/2013\/12\/Jornadas-de-Arqueologia-y-Ciencia-1983-2.jpg\" data-orig-size=\"1325,777\" data-comments-opened=\"0\" data-image-meta=\"{&quot;aperture&quot;:&quot;0&quot;,&quot;credit&quot;:&quot;&quot;,&quot;camera&quot;:&quot;&quot;,&quot;caption&quot;:&quot;&quot;,&quot;created_timestamp&quot;:&quot;0&quot;,&quot;copyright&quot;:&quot;&quot;,&quot;focal_length&quot;:&quot;0&quot;,&quot;iso&quot;:&quot;0&quot;,&quot;shutter_speed&quot;:&quot;0&quot;,&quot;title&quot;:&quot;&quot;}\" data-image-title=\"Jornadas de Arqueologia y Ciencia 1983 2\" data-image-description=\"\" data-image-caption=\"\" data-medium-file=\"https:\/\/www.arqueologia.cl\/lcornejo\/wp-content\/uploads\/2013\/12\/Jornadas-de-Arqueologia-y-Ciencia-1983-2-300x175.jpg\" data-large-file=\"https:\/\/www.arqueologia.cl\/lcornejo\/wp-content\/uploads\/2013\/12\/Jornadas-de-Arqueologia-y-Ciencia-1983-2-1024x600.jpg\" decoding=\"async\" loading=\"lazy\" class=\"alignleft size-large wp-image-619\" src=\"https:\/\/www.arqueologia.cl\/lcornejo\/wp-content\/uploads\/2013\/12\/Jornadas-de-Arqueologia-y-Ciencia-1983-2-1024x600.jpg\" alt=\"Jornadas de Arqueologia y Ciencia 1983 2\" width=\"281\" height=\"202\" \/><\/a>Al principio de los a\u00f1os \u201980 del siglo pasado un grupo de arque\u00f3logos y arque\u00f3logas reci\u00e9n egresados de la universidad se abocaron al trabajo de intentar abrir un espacio para la reflexi\u00f3n te\u00f3rica y metodol\u00f3gica en la arqueolog\u00eda chilena. Este se materializ\u00f3 en 1983 y 1984 en dos reuniones de discusi\u00f3n, llamadas Jornadas de Arqueolog\u00eda y Ciencia, en las cuales particip\u00f3 un importante contingente de consagrados investigadoras e investigadores, muchos que reci\u00e9n se iniciaban y la mayor parte de los estudiantes de esta especialidad. En la reuni\u00f3n de 1983 se const\u00f3 con la presencia como comentarista invitado del arque\u00f3logo peruano Luis Guillermo Lumbreras y en la de 1984 con el arque\u00f3logo canadiense Michael Schiffer.<\/p>\n<p>\u00a0<a href=\"https:\/\/www.arqueologia.cl\/lcornejo\/wp-content\/uploads\/2013\/12\/Equipo-de-I-Jornadas-1983.jpg\"><img data-attachment-id=\"618\" data-permalink=\"https:\/\/www.arqueologia.cl\/lcornejo\/?attachment_id=618\" data-orig-file=\"https:\/\/www.arqueologia.cl\/lcornejo\/wp-content\/uploads\/2013\/12\/Equipo-de-I-Jornadas-1983.jpg\" data-orig-size=\"2528,1957\" data-comments-opened=\"0\" data-image-meta=\"{&quot;aperture&quot;:&quot;0&quot;,&quot;credit&quot;:&quot;&quot;,&quot;camera&quot;:&quot;&quot;,&quot;caption&quot;:&quot;&quot;,&quot;created_timestamp&quot;:&quot;0&quot;,&quot;copyright&quot;:&quot;&quot;,&quot;focal_length&quot;:&quot;0&quot;,&quot;iso&quot;:&quot;0&quot;,&quot;shutter_speed&quot;:&quot;0&quot;,&quot;title&quot;:&quot;&quot;}\" data-image-title=\"Equipo de I Jornadas 1983\" data-image-description=\"\" data-image-caption=\"\" data-medium-file=\"https:\/\/www.arqueologia.cl\/lcornejo\/wp-content\/uploads\/2013\/12\/Equipo-de-I-Jornadas-1983-300x232.jpg\" data-large-file=\"https:\/\/www.arqueologia.cl\/lcornejo\/wp-content\/uploads\/2013\/12\/Equipo-de-I-Jornadas-1983-1024x792.jpg\" decoding=\"async\" loading=\"lazy\" class=\"alignleft size-large wp-image-618\" src=\"https:\/\/www.arqueologia.cl\/lcornejo\/wp-content\/uploads\/2013\/12\/Equipo-de-I-Jornadas-1983-1024x792.jpg\" alt=\"Equipo de I Jornadas 1983\" width=\"280\" height=\"178\" \/><\/a>Estas reuniones constaron con el patrocino del Museo Nacional de Historia Natural, especialmente de su director Hans Niemeyer F., donde se realizaron las reuniones, y el financiamiento de la Sociedad de Arte Precolombino Nacional, Se cont\u00f3 tambi\u00e9n con apoyo de la Sociedad Chilena de Arqueolog\u00eda. Ambas actividades dieron origen a publicaciones que fueron producidas en los talleres de impresi\u00f3n que el Museo de Historia Natural, cuyas versiones en PDF est\u00e1n disponibles a continuaci\u00f3n.<\/p>\n<h4 style=\"text-align: center;\"><\/h4>\n<h4 style=\"text-align: center;\"><\/h4>\n<h4 style=\"text-align: center;\">Primeras Jornadas de Arqueolog\u00eda y Ciencia<\/h4>\n<ul>\n<li><a href=\"https:\/\/www.arqueologia.cl\/lcornejo\/wp-content\/uploads\/2013\/12\/I-JAC-Presentacion.pdf\" target=\"_blank\" rel=\"noopener\">Presentaci\u00f3n<\/a><\/li>\n<li><a href=\"https:\/\/www.arqueologia.cl\/lcornejo\/wp-content\/uploads\/2013\/12\/I-JAC-Discucion.pdf\" target=\"_blank\" rel=\"noopener\">Secci\u00f3n de Discusiones<\/a><\/li>\n<li>Comunicaciones\n<ul>\n<li><a href=\"https:\/\/www.arqueologia.cl\/lcornejo\/wp-content\/uploads\/2013\/12\/I-JAC-La-arqueolog%C3%ADa-una-ciencia-social-Francisco-Gallardo-I..pdf\" target=\"_blank\" rel=\"noopener\">\u00bfLa arqueolog\u00eda, una ciencia social?<\/a>, <i>Francisco Gallardo I.<\/i><\/li>\n<li><a href=\"https:\/\/www.arqueologia.cl\/lcornejo\/wp-content\/uploads\/2013\/12\/I-JAC-Redefiniendo-la-arqueolog%C3%ADa-Jos%C3%A9-Berenguer-R..pdf\" target=\"_blank\" rel=\"noopener\">Redefiniendo la arqueolog\u00eda<\/a>, <i>Jos\u00e9 Berenguer R.<\/i><\/li>\n<li><a href=\"https:\/\/www.arqueologia.cl\/lcornejo\/wp-content\/uploads\/2013\/12\/I-JAC-David-L.-Clarke-Proposici%C3%B3n-para-una-teor%C3%ADa-arqueol%C3%B3gica-Loreto-Suarez-S.-y-Josefina-Gonz%C3%A1les.pdf\" target=\"_blank\" rel=\"noopener\">David L. Clarke: Proposici\u00f3n para una teor\u00eda arqueol\u00f3gica<\/a>, <i>Loreto Suarez S. y Josefina Gonz\u00e1les<\/i><\/li>\n<li><a href=\"https:\/\/www.arqueologia.cl\/lcornejo\/wp-content\/uploads\/2013\/12\/I-JAC-El-problema-arqueol%C3%B3gico-al-sur-del-r%C3%ADo-Cachapoal-Una-estrategia-de-investigaci%C3%B3n-Cristina-Fernandez-C.-y-Luis-E.-Cornejo-B..pdf\" target=\"_blank\" rel=\"noopener\">El problema arqueol\u00f3gico al sur del r\u00edo Cachapoal: Una estrategia de investigaci\u00f3n<\/a>, \u00a0 \u00a0<i>Cristina \u00a0Fernandez C. y Luis E. Cornejo B.<\/i><\/li>\n<li><a href=\"https:\/\/www.arqueologia.cl\/lcornejo\/wp-content\/uploads\/2013\/12\/I-JAC-Aportes-de-la-etnohistoria-a-la-antropolog%C3%ADa-y-la-arqueolog%C3%ADa-Angel-Cabeza-M..pdf\" target=\"_blank\" rel=\"noopener\">Aportes de la etnohistoria a la antropolog\u00eda y la arqueolog\u00eda<\/a>, <i>Angel Cabeza M.<\/i><\/li>\n<li><a href=\"https:\/\/www.arqueologia.cl\/lcornejo\/wp-content\/uploads\/2013\/12\/I-JAC-Reflexiones-sobre-el-complejo-de-rap%C3%A9-en-Arica-Patricio-Tudela.pdf\" target=\"_blank\" rel=\"noopener\">Reflexiones sobre el complejo de rap\u00e9 en Arica<\/a>, <i>Patricio Tudela<\/i><\/li>\n<li><a href=\"https:\/\/www.arqueologia.cl\/lcornejo\/wp-content\/uploads\/2013\/12\/I-JAC-Un-sistema-nacional-para-designar-sitios-arqueol%C3%B3gicos-Jos%C3%A9-Berenguer-R..pdf\" target=\"_blank\" rel=\"noopener\">Un sistema nacional para designar sitios arqueol\u00f3gicos<\/a>, <i>\u00a0Jos\u00e9 Berenguer R.<\/i><\/li>\n<li><a href=\"https:\/\/www.arqueologia.cl\/lcornejo\/wp-content\/uploads\/2013\/12\/I-JAC-Monumentos-Su-conservaci%C3%B3n-y-puesta-en-valor-Rub%C3%A9n-Stehberg-L..pdf\" target=\"_blank\" rel=\"noopener\">Monumentos: Su conservaci\u00f3n y puesta en valor<\/a>, <i>Rub\u00e9n Stehberg L.<\/i><\/li>\n<li><a href=\"https:\/\/www.arqueologia.cl\/lcornejo\/wp-content\/uploads\/2013\/12\/I-JAC-El-aporte-de-la-antropolog%C3%ADa-f%C3%ADsica-a-la-arqueolog%C3%ADa-Claudio-Paredes-D..pdf\" target=\"_blank\" rel=\"noopener\">El aporte de la antropolog\u00eda f\u00edsica a la arqueolog\u00eda<\/a>, <i>Claudio Paredes D.<\/i><\/li>\n<li><a href=\"https:\/\/www.arqueologia.cl\/lcornejo\/wp-content\/uploads\/2013\/12\/I-JAC-El-Migrante-pascuense-en-el-Continente-1968-1970-Adriana-Go%C3%B1i.pdf\" target=\"_blank\" rel=\"noopener\">El Migrante pascuense en el Continente: 1968-1970<\/a>, <i>Adriana Go\u00f1i<\/i><\/li>\n<\/ul>\n<\/li>\n<li>Clausura: \u00a0<a href=\"https:\/\/www.arqueologia.cl\/lcornejo\/wp-content\/uploads\/2013\/12\/I-JAC-Arqueolog%C3%ADa-y-Sociedad-Luis-Guillermo-Lumbreras.pdf\" target=\"_blank\" rel=\"noopener\">Arqueolog\u00eda y Sociedad<\/a>, <i>Luis Guillermo Lumbreras<\/i><\/li>\n<\/ul>\n<p>Descarga volumen completo<em> <a href=\"https:\/\/www.arqueologia.cl\/lcornejo\/wp-content\/uploads\/2013\/12\/Primeras-Jornadas-Arqueolog%C3%ADa-y-Ciencia-1983.pdf\" target=\"_blank\" rel=\"noopener\">AQUI<\/a><\/em><\/p>\n<h4 style=\"text-align: center;\">Segundas Jornadas de Arqueolog\u00eda y Ciencia<\/h4>\n<ul>\n<li><a href=\"https:\/\/www.arqueologia.cl\/lcornejo\/wp-content\/uploads\/2023\/05\/Portada-y-Presentacion-i-a-iv.pdf\">Presentaci\u00f3n<\/a>. <em>Los Editores<\/em><\/li>\n<li><a href=\"https:\/\/www.arqueologia.cl\/lcornejo\/wp-content\/uploads\/2023\/05\/M-Schiffer-1-a-45.pdf\">Investigaci\u00f3n de los procesos de formaci\u00f3n del registro Arqueol\u00f3gico: Tres casos de estudio.<\/a> <em>Michael B. Schiffer<\/em><\/li>\n<li><a href=\"https:\/\/www.arqueologia.cl\/lcornejo\/wp-content\/uploads\/2023\/05\/Gonzales-y-Suarez-47-a-60.pdf\">Reflexiones sobre el registro arqueol\u00f3gico<\/a>. <em>Josefina Gonz\u00e1lez A. <\/em><em>y <\/em><em>Loreto Suarez S<\/em>.<\/li>\n<li><a href=\"https:\/\/www.arqueologia.cl\/lcornejo\/wp-content\/uploads\/2023\/05\/Berenger-61-a-80.pdf\">Problemas con la definici\u00f3n de sitio arqueol\u00f3gico<\/a>. <em>Jos\u00e9 Berenguer R.<\/em><\/li>\n<li><a href=\"https:\/\/www.arqueologia.cl\/lcornejo\/wp-content\/uploads\/2023\/05\/Gallardo-81-a-118.pdf\">\u00bfDonde, cuanto y como excavar?: acerca del dise\u00f1o de excavaci\u00f3n.<\/a> <em>Francisco Gallardo <\/em><em>I.<\/em><\/li>\n<li><a href=\"https:\/\/www.arqueologia.cl\/lcornejo\/wp-content\/uploads\/2023\/05\/Baron-y-Vallejo-119-a-145.pdf\">Aspectos te\u00f3ricos y fundamentos metodol\u00f3gicos para la excavaci\u00f3n de un sitio habitacional.<\/a> A<em>na Mar\u00eda Bar\u00f3n <\/em><em>y <\/em><em>Jorge Vallejos A.<\/em><\/li>\n<li><a href=\"https:\/\/www.arqueologia.cl\/lcornejo\/wp-content\/uploads\/2023\/05\/Cornejo-147-a-164.pdf\">El ordenamiento de los datos emp\u00edricos en arqueolog\u00eda.<\/a> <em>Luis Cornejo B<\/em>.<\/li>\n<li><a href=\"https:\/\/www.arqueologia.cl\/lcornejo\/wp-content\/uploads\/2023\/05\/Bittmann-165-a-181.pdf\">Sobre el prop\u00f3sito de la clasificaci\u00f3n en arqueolog\u00eda.<\/a> <em>Bente Bittmann<\/em>.<\/li>\n<li><a href=\"https:\/\/www.arqueologia.cl\/lcornejo\/wp-content\/uploads\/2023\/05\/Rubio-y-Stehberg-183-a-194.pdf\">Aplicaci\u00f3n de t\u00e9cnicas de estudios de paisaje a una realidad arqueol\u00f3gica. Estimaci\u00f3n de la poblaci\u00f3n nativa potencial en los andes de Santiago.<\/a> <em>Patricio Rubio <\/em><em>y <\/em><em>Rub\u00e9n Stehberg<\/em>.<\/li>\n<li><a href=\"https:\/\/www.arqueologia.cl\/lcornejo\/wp-content\/uploads\/2023\/05\/Schiffer-195-a-218.pdf\">El lugar de la Arqueolog\u00eda Conductual en la teor\u00eda arqueol\u00f3gica<\/a>. Michael B. Schiffer.<\/li>\n<\/ul>\n<p>Descargue el volumen completo <a href=\"https:\/\/www.arqueologia.cl\/lcornejo\/wp-content\/uploads\/2023\/05\/Segundas-Jornadas-de-Arqueologia-y-Ciencia-1984.pdf\">AQUI<\/a><\/p>\n","protected":false},"excerpt":{"rendered":"<p>\u00a0Al principio de los a\u00f1os \u201980 del siglo pasado un grupo de arque\u00f3logos y arque\u00f3logas reci\u00e9n egresados de la universidad se abocaron al trabajo de intentar abrir un espacio para la reflexi\u00f3n te\u00f3rica y metodol\u00f3gica en la arqueolog\u00eda chilena. Este se materializ\u00f3 en 1983 y 1984 en dos reuniones de discusi\u00f3n, llamadas Jornadas de Arqueolog\u00eda &hellip; <a href=\"https:\/\/www.arqueologia.cl\/lcornejo\/?page_id=616\" class=\"more-link\">Seguir leyendo <span class=\"screen-reader-text\">Jornadas de Arqueolog\u00eda y Ciencia<\/span> <span class=\"meta-nav\">&rarr;<\/span><\/a><\/p>\n","protected":false},"author":1,"featured_media":0,"parent":0,"menu_order":0,"comment_status":"closed","ping_status":"closed","template":"","meta":{"jetpack_post_was_ever_published":false},"jetpack_shortlink":"https:\/\/wp.me\/P1Zj5N-9W","jetpack_sharing_enabled":true,"_links":{"self":[{"href":"https:\/\/www.arqueologia.cl\/lcornejo\/index.php?rest_route=\/wp\/v2\/pages\/616"}],"collection":[{"href":"https:\/\/www.arqueologia.cl\/lcornejo\/index.php?rest_route=\/wp\/v2\/pages"}],"about":[{"href":"https:\/\/www.arqueologia.cl\/lcornejo\/index.php?rest_route=\/wp\/v2\/types\/page"}],"author":[{"embeddable":true,"href":"https:\/\/www.arqueologia.cl\/lcornejo\/index.php?rest_route=\/wp\/v2\/users\/1"}],"replies":[{"embeddable":true,"href":"https:\/\/www.arqueologia.cl\/lcornejo\/index.php?rest_route=%2Fwp%2Fv2%2Fcomments&post=616"}],"version-history":[{"count":33,"href":"https:\/\/www.arqueologia.cl\/lcornejo\/index.php?rest_route=\/wp\/v2\/pages\/616\/revisions"}],"predecessor-version":[{"id":962,"href":"https:\/\/www.arqueologia.cl\/lcornejo\/index.php?rest_route=\/wp\/v2\/pages\/616\/revisions\/962"}],"wp:attachment":[{"href":"https:\/\/www.arqueologia.cl\/lcornejo\/index.php?rest_route=%2Fwp%2Fv2%2Fmedia&parent=616"}],"curies":[{"name":"wp","href":"https:\/\/api.w.org\/{rel}","templated":true}]}}