{"id":718,"date":"2015-10-13T09:06:09","date_gmt":"2015-10-13T12:06:09","guid":{"rendered":"http:\/\/www.arqueologia.cl\/lcornejo\/?page_id=718"},"modified":"2024-12-15T17:25:22","modified_gmt":"2024-12-15T20:25:22","slug":"congresos-talleres-etc","status":"publish","type":"page","link":"https:\/\/www.arqueologia.cl\/lcornejo\/?page_id=718","title":{"rendered":"Congresos, Talleres, etc."},"content":{"rendered":"<p><a href=\"https:\/\/www.arqueologia.cl\/lcornejo\/wp-content\/uploads\/2015\/10\/Congreso-San-Pedro-1963.jpg\"><img data-attachment-id=\"726\" data-permalink=\"https:\/\/www.arqueologia.cl\/lcornejo\/?attachment_id=726\" data-orig-file=\"https:\/\/www.arqueologia.cl\/lcornejo\/wp-content\/uploads\/2015\/10\/Congreso-San-Pedro-1963.jpg\" data-orig-size=\"484,319\" data-comments-opened=\"0\" data-image-meta=\"{&quot;aperture&quot;:&quot;0&quot;,&quot;credit&quot;:&quot;&quot;,&quot;camera&quot;:&quot;&quot;,&quot;caption&quot;:&quot;&quot;,&quot;created_timestamp&quot;:&quot;0&quot;,&quot;copyright&quot;:&quot;&quot;,&quot;focal_length&quot;:&quot;0&quot;,&quot;iso&quot;:&quot;0&quot;,&quot;shutter_speed&quot;:&quot;0&quot;,&quot;title&quot;:&quot;&quot;,&quot;orientation&quot;:&quot;0&quot;}\" data-image-title=\"Congreso San Pedro 1963\" data-image-description=\"\" data-image-caption=\"\" data-medium-file=\"https:\/\/www.arqueologia.cl\/lcornejo\/wp-content\/uploads\/2015\/10\/Congreso-San-Pedro-1963-300x198.jpg\" data-large-file=\"https:\/\/www.arqueologia.cl\/lcornejo\/wp-content\/uploads\/2015\/10\/Congreso-San-Pedro-1963.jpg\" decoding=\"async\" loading=\"lazy\" class=\"aligncenter size-full wp-image-726\" src=\"https:\/\/www.arqueologia.cl\/lcornejo\/wp-content\/uploads\/2015\/10\/Congreso-San-Pedro-1963.jpg\" alt=\"Congreso San Pedro 1963\" width=\"484\" height=\"319\" srcset=\"https:\/\/www.arqueologia.cl\/lcornejo\/wp-content\/uploads\/2015\/10\/Congreso-San-Pedro-1963.jpg 484w, https:\/\/www.arqueologia.cl\/lcornejo\/wp-content\/uploads\/2015\/10\/Congreso-San-Pedro-1963-300x198.jpg 300w\" sizes=\"(max-width: 484px) 100vw, 484px\" \/><\/a><\/p>\n<p>Las reuniones cient\u00edficas, congresos, talleres o seminarios, adem\u00e1s de ser una instancia para presentar y discutir los avances de investigaci\u00f3n, son un momento clave para la interacci\u00f3n entre investigadores de diferentes generaciones, regiones o pa\u00edses. Se presenta aqu\u00ed un registro fotogr\u00e1fico de estas instancias que, como una secuencia alfarera, da cuenta del tiempo.<\/p>\n<p><a href=\"https:\/\/photos.app.goo.gl\/rx9vnbffi1C8WLHw7\">XXIII CONGRESO NACIONAL DE ARQUEOLOG\u00cdA CHILENA, 2024<\/a><\/p>\n<p><a href=\"https:\/\/photos.app.goo.gl\/t2oJ8NF3GbsuXtWg7\">CELEBRACI\u00d3N 60 A\u00d1OS DE LA SOCIEDAD CHILENA DE ARQUEOLOG\u00cdA<\/a><\/p>\n<p><a href=\"https:\/\/photos.app.goo.gl\/jfwe9hiiYap3kuKM7\">XXII CONGRESO NACIONAL DE ARQUEOLOG\u00cdA CHILENA. 2021<\/a><\/p>\n<p><a href=\"https:\/\/goo.gl\/photos\/fZ4HTkS1NQuctBdFA\">XX CONGRESO NACIONAL DE ARQUEOLOG\u00cdA CHILENA. CONCEPCI\u00d3N, 2015<\/a><\/p>\n<p><a href=\"https:\/\/goo.gl\/photos\/AwXsLu2kAHQZYnwT7\">V ENCUENTRO DE ARQUEOLOG\u00cdA DEL CENTRO. CHILE\/ARGENTINA. SANTIAGO, NOVIEMBRE 2015<\/a><\/p>\n<p><a href=\"https:\/\/goo.gl\/photos\/ym2wt1BN7Fipw8qA6\">TALLER DE GEOARQUEOLOGIA DE LOS VILOS, 2014<\/a><\/p>\n<p><a href=\"https:\/\/goo.gl\/photos\/GbAQ2sa36xEz9u7J6\">XIX CONGRESO NACIONAL DE ARQUEOLOG\u00cdA CHILENA. ARICA, 2012<\/a><\/p>\n<p><a href=\"https:\/\/goo.gl\/photos\/4z5x86pFceS7chyt6\">XVIII CONGRESO NACIONAL DE ARQUEOLOG\u00cdA CHILENA. VALPARA\u00cdSO, 2009<\/a><\/p>\n<p><a href=\"https:\/\/goo.gl\/photos\/BnRWxGHq8VZ3rkxy9\">IV TALLER DE ARQUEOLOG\u00cdA DEL CENTRO CHILENO Y ARGENTINO. SANTIAGO, 2009<\/a><\/p>\n<p><a href=\"https:\/\/goo.gl\/photos\/iTyPsE7FMPKqcCSM7\">IV CONGRESO CHILENO DE ANTROPOLOG\u00cdA. SAN FELIPE, 2004<\/a><\/p>\n<p><a href=\"https:\/\/goo.gl\/photos\/nTWmaCKpG2PdaE8W8\">XVI CONGRESO NACIONAL DE ARQUEOLOG\u00cdA CHILENA. TOME, 2003<\/a><\/p>\n<p><a href=\"https:\/\/goo.gl\/photos\/jbAQAfBWJTEDnbwt8\">XV CONGRESO NACIONAL DE ARQUEOLOG\u00cdA CHILENA. ARICA, 2000<\/a><\/p>\n<p><span style=\"font-size: 11.5pt; font-family: 'Helvetica',sans-serif; color: #333333;\"><a href=\"https:\/\/goo.gl\/photos\/mHWkBe3cP8yXKuHR9\">SIMPOSIO OR\u00cdGENES DE LA CULTURA HISPANOAMERICANA 500 A\u00d1OS. SAN PEDRO DE ATACAMA, 1992<\/a><\/span><\/p>\n<p><span style=\"font-size: 11.5pt; font-family: 'Helvetica',sans-serif; color: #333333;\"><a href=\"https:\/\/goo.gl\/photos\/T1UnXPkDKh7rcwKw9\">TALLER EL DOMINIO INCA EN LAS QUEBRADAS ALTAS DEL LOA SUPERIOR: UN ACERCAMIENTO AL PENSAMIENTO POL\u00cdTICO ANDINO. CASPANA, 1999<\/a><\/span><\/p>\n<p><span style=\"font-size: 11.5pt; font-family: 'Helvetica',sans-serif; color: #333333;\"><a href=\"https:\/\/goo.gl\/photos\/v1qspCTxCNWouYBo9\">III CONGRESO NACIONAL DE ANTROPOLOG\u00cdA. TEMUCO, 1998<\/a><\/span><\/p>\n<p><span style=\"font-size: 11.5pt; font-family: 'Helvetica',sans-serif; color: #333333;\"><a href=\"https:\/\/goo.gl\/photos\/RA4fhATo5huPZ2BKA\">XIV CONGRESO NACIONAL DE ARQUEOLOG\u00cdA CHILENA. COPIAP\u00d3, 1997<\/a><\/span><\/p>\n<p><span style=\"font-size: 11.5pt; font-family: 'Helvetica',sans-serif; color: #333333;\"><a href=\"https:\/\/goo.gl\/photos\/fuJ71bNpyqHnGmXWA\">XIII CONGRESO NACIONAL DE ARQUEOLOG\u00cdA CHILENA. ANTOFAGASTA, 1994<\/a><\/span><\/p>\n<p><span style=\"font-size: 11.5pt; font-family: 'Helvetica',sans-serif; color: #333333;\"><a href=\"https:\/\/goo.gl\/photos\/oDJxhMQgedA4oHY79\">XII CONGRESO NACIONAL DE ARQUEOLOG\u00cdA CHILENA. TEMUCO, 1991<\/a><\/span><\/p>\n<p><a href=\"https:\/\/goo.gl\/photos\/gYSA5SVmtnkuWiBD8\">TALLER AYQUINA. AYQUINA, 1989<\/a><\/p>\n<p><span style=\"font-size: 11.5pt; font-family: 'Helvetica',sans-serif; color: #333333;\"><a href=\"https:\/\/goo.gl\/photos\/eK3c4VM62ZmvfZ8k8\">XI CONGRESO NACIONAL DE ARQUEOLOG\u00cdA CHILENA. SANTIAGO, 198<\/a>8<\/span><\/p>\n<p><a href=\"https:\/\/goo.gl\/photos\/Sd6evBvhKHdca5RW6\">I JORNADAS DE ARQUEOLOG\u00cdA Y CIENCIA. SANTIAGO, 1983<\/a><\/p>\n<p>Sitio en permanente construcci\u00f3n\u2026<\/p>\n","protected":false},"excerpt":{"rendered":"<p>Las reuniones cient\u00edficas, congresos, talleres o seminarios, adem\u00e1s de ser una instancia para presentar y discutir los avances de investigaci\u00f3n, son un momento clave para la interacci\u00f3n entre investigadores de diferentes generaciones, regiones o pa\u00edses. Se presenta aqu\u00ed un registro fotogr\u00e1fico de estas instancias que, como una secuencia alfarera, da cuenta del tiempo. XXIII CONGRESO &hellip; <a href=\"https:\/\/www.arqueologia.cl\/lcornejo\/?page_id=718\" class=\"more-link\">Seguir leyendo <span class=\"screen-reader-text\">Congresos, Talleres, etc.<\/span> <span class=\"meta-nav\">&rarr;<\/span><\/a><\/p>\n","protected":false},"author":1,"featured_media":0,"parent":0,"menu_order":0,"comment_status":"closed","ping_status":"closed","template":"","meta":{"jetpack_post_was_ever_published":true},"jetpack_shortlink":"https:\/\/wp.me\/P1Zj5N-bA","jetpack_sharing_enabled":true,"_links":{"self":[{"href":"https:\/\/www.arqueologia.cl\/lcornejo\/index.php?rest_route=\/wp\/v2\/pages\/718"}],"collection":[{"href":"https:\/\/www.arqueologia.cl\/lcornejo\/index.php?rest_route=\/wp\/v2\/pages"}],"about":[{"href":"https:\/\/www.arqueologia.cl\/lcornejo\/index.php?rest_route=\/wp\/v2\/types\/page"}],"author":[{"embeddable":true,"href":"https:\/\/www.arqueologia.cl\/lcornejo\/index.php?rest_route=\/wp\/v2\/users\/1"}],"replies":[{"embeddable":true,"href":"https:\/\/www.arqueologia.cl\/lcornejo\/index.php?rest_route=%2Fwp%2Fv2%2Fcomments&post=718"}],"version-history":[{"count":13,"href":"https:\/\/www.arqueologia.cl\/lcornejo\/index.php?rest_route=\/wp\/v2\/pages\/718\/revisions"}],"predecessor-version":[{"id":986,"href":"https:\/\/www.arqueologia.cl\/lcornejo\/index.php?rest_route=\/wp\/v2\/pages\/718\/revisions\/986"}],"wp:attachment":[{"href":"https:\/\/www.arqueologia.cl\/lcornejo\/index.php?rest_route=%2Fwp%2Fv2%2Fmedia&parent=718"}],"curies":[{"name":"wp","href":"https:\/\/api.w.org\/{rel}","templated":true}]}}