{"id":77,"date":"2011-11-01T23:56:13","date_gmt":"2011-11-02T02:56:13","guid":{"rendered":"http:\/\/www.arqueologia.cl\/lcornejo\/?page_id=77"},"modified":"2014-09-01T12:19:01","modified_gmt":"2014-09-01T16:19:01","slug":"arqueolgia-chilena-en-la-web","status":"publish","type":"page","link":"https:\/\/www.arqueologia.cl\/lcornejo\/?page_id=77","title":{"rendered":"Arqueolg\u00eda Chilena en la Web"},"content":{"rendered":"<p>&nbsp;<\/p>\n<p><strong>MUSEOS<\/strong><\/p>\n<p>&nbsp;<\/p>\n<p><span style=\"color: #993300;\"><a href=\"http:\/\/www.museoprecolombino.cl\/\"><span style=\"color: #993300;\"><strong>Museo Chileno de Arte Precolombino<\/strong><\/span><\/a><\/span><\/p>\n<p><span style=\"color: #993300;\"><a href=\"http:\/\/www.dibam.cl\/historia_natural\/\"><span style=\"color: #993300;\"><strong>Museo Nacional de Historia Natural<\/strong><\/span><\/a><\/span><\/p>\n<p><span style=\"color: #993300;\"><a href=\"http:\/\/www.uta.cl\/masma\/\"><span style=\"color: #993300;\"><strong>Museo Arqueol\u00f3gico San Miguel de Azapa<\/strong><\/span><\/a><\/span><\/p>\n<p><span style=\"color: #993300;\"><a href=\"http:\/\/www.dibam.cl\/sdm_m_antofagasta\/#target1\"><span style=\"color: #993300;\"><strong>Museo Regional de Antofagasta<\/strong><\/span><\/a><\/span><\/p>\n<p><span style=\"color: #993300;\"><a href=\"http:\/\/www.dibam.cl\/sdm_m_laserena\/\"><span style=\"color: #993300;\"><strong>Museo Arqueol\u00f3gico de La Serena<\/strong><\/span><\/a><\/span><\/p>\n<p><span style=\"color: #993300;\"><a href=\"http:\/\/www.dibam.cl\/sdm_m_limari\/\"><span style=\"color: #993300;\"><strong>Museo del Limar\u00ed<\/strong><\/span><\/a><\/span><\/p>\n<p><span style=\"color: #993300;\"><a href=\"http:\/\/www.museofonck.cl\/\"><span style=\"color: #993300;\"><strong>Museo de Arqueolog\u00eda e Hist\u00f3ria Francisco Fonck<\/strong><\/span><\/a><\/span><\/p>\n<p><span style=\"color: #993300;\"><a href=\"http:\/\/www.museolaligua.cl\/\"><span style=\"color: #993300;\"><strong>Museo de La Ligua<\/strong><\/span><\/a><\/span><\/p>\n<p><span style=\"color: #993300;\"><a href=\"http:\/\/www.museorancagua.cl\/\"><span style=\"color: #993300;\"><strong>Museo Regional de Rancagua<\/strong><\/span><\/a><\/span><\/p>\n<p><span style=\"color: #993300;\"><a href=\"http:\/\/www.dibam.cl\/sdm_mr_concepcion\/\"><span style=\"color: #993300;\"><strong>Museo de Historia Natural de Concepci\u00f3n<\/strong><\/span><\/a><\/span><\/p>\n<p><span style=\"color: #993300;\"><a href=\"http:\/\/www.museosaustral.cl\/museos\/museo_vandemaele.htm\"><span style=\"color: #993300;\"><strong>Museo Hist\u00f3rico y Antropol\u00f3gico Mauricio Van de Maele<\/strong><\/span><\/a><\/span><\/p>\n<p><span style=\"color: #993300;\"><a href=\"http:\/\/www.dibam.cl\/subdirec_museos\/mr_araucania\/noticias.asp?id=3291\"><span style=\"color: #993300;\"><strong>Museo Regional de la Araucania<\/strong><\/span><\/a><\/span><\/p>\n<p><span style=\"color: #993300;\"><a href=\"http:\/\/www.museorapanui.cl\/Inicio\/\"><span style=\"color: #993300;\"><strong>Museo Antropol\u00f3gico P. Sebastian Englert<\/strong><\/span><\/a><\/span><\/p>\n<p>&nbsp;<\/p>\n<p><strong>UNIVERSIDADES<\/strong><\/p>\n<p><strong>\u00a0<a href=\"http:\/\/antropologia.uahurtado.cl\/\" target=\"_blank\">Departamento de Antropolog\u00eda, Facultad de Ciencias Sociales, Universidad Alberto Hurtado<\/a><\/strong><\/p>\n<p><span style=\"color: #993300;\"><a href=\"http:\/\/www.facso.uchile.cl\/antropologia\/\"><span style=\"color: #993300;\"><strong>Departamento de Antropolog\u00eda, Facultad de Ciencias Sociales, Universidad de Chile<\/strong><\/span><\/a><\/span><\/p>\n<p><strong><a href=\"http:\/\/www.uahurtado.cl\/facultades-y-carreras\/arqueologia\/\">Departamento de Antropolog\u00eda, Facultad de Ciencias Sociales, Universidad Alberto Hurtado<\/a><\/strong><\/p>\n<p><span style=\"color: #993300;\"><a href=\"http:\/\/www.ucn.cl\/programas_postgrados\/postgrados.asp?id=9\"><span style=\"color: #993300;\"><strong>Instituto de Investigaciones Arqueologicas y Museo R.P. G. Le Paige. Universidad Cat\u00f3lica del Norte<\/strong><\/span><\/a><\/span><\/p>\n<p><span style=\"color: #993300;\"><a href=\"http:\/\/www.uta.cl\/masma\/\"><span style=\"color: #993300;\"><strong>Departamento de Arqueolog\u00eda y Museolog\u00eda, Universidad de Tarapac\u00e1<\/strong><\/span><\/a><\/span><\/p>\n<p><span style=\"color: #993300;\"><a href=\"http:\/\/www.umag.cl\/facultades\/instituto.php\"><span style=\"color: #993300;\"><strong>Instituto de la Patagonia. Universidad de Magallanes<\/strong><\/span><\/a><\/span><\/p>\n<p><span style=\"color: #993300;\"><a href=\"http:\/\/www.uisek.cl\/fac_epc_arqueologia.html\"><span style=\"color: #993300;\"><strong>Carrera Arqueolog\u00eda. Universidad Internacional SEK<\/strong><\/span><\/a><\/span><\/p>\n<p>&nbsp;<\/p>\n<p>&nbsp;<\/p>\n<p><strong>OTRAS INSTITUCIONES<\/strong><\/p>\n<p>&nbsp;<\/p>\n<p><span style=\"color: #993300;\"><a href=\"http:\/\/www.scha.cl\"><span style=\"color: #993300;\"><strong>Sociedad Chilena de Arqueolog\u00eda<\/strong><\/span><\/a><\/span><\/p>\n<p><span style=\"color: #993300;\"><a href=\"http:\/\/www.monumentos.cl\/\"><span style=\"color: #993300;\"><strong>Consejo de Monumentos Nacionales<\/strong><\/span><\/a><\/span><\/p>\n<p><span style=\"color: #993300;\"><strong><a href=\"http:\/\/www.arqueologos.cl\/\"><span style=\"color: #993300;\">Colegio de Arque\u00f3logos<\/span><\/a><\/strong><\/span><script>\/\/ <![CDATA[\nvar _gaq = _gaq || [];\n  _gaq.push(['_setAccount', 'UA-4811514-1']);\n  _gaq.push(['_trackPageview']);\n\n  (function() {\n    var ga = document.createElement('script'); ga.type = 'text\/javascript'; ga.async = true;\n    ga.src = ('https:' == document.location.protocol ? 'https:\/\/ssl' : 'http:\/\/www') + '.google-analytics.com\/ga.js';\n    var s = document.getElementsByTagName('script')[0]; s.parentNode.insertBefore(ga, s);\n  })();\n\/\/ ]]><\/script><\/p>\n","protected":false},"excerpt":{"rendered":"<p>&nbsp; MUSEOS &nbsp; Museo Chileno de Arte Precolombino Museo Nacional de Historia Natural Museo Arqueol\u00f3gico San Miguel de Azapa Museo Regional de Antofagasta Museo Arqueol\u00f3gico de La Serena Museo del Limar\u00ed Museo de Arqueolog\u00eda e Hist\u00f3ria Francisco Fonck Museo de La Ligua Museo Regional de Rancagua Museo de Historia Natural de Concepci\u00f3n Museo Hist\u00f3rico y &hellip; <a href=\"https:\/\/www.arqueologia.cl\/lcornejo\/?page_id=77\" class=\"more-link\">Seguir leyendo <span class=\"screen-reader-text\">Arqueolg\u00eda Chilena en la Web<\/span> <span class=\"meta-nav\">&rarr;<\/span><\/a><\/p>\n","protected":false},"author":1,"featured_media":0,"parent":0,"menu_order":0,"comment_status":"open","ping_status":"open","template":"","meta":{"jetpack_post_was_ever_published":false},"jetpack_shortlink":"https:\/\/wp.me\/P1Zj5N-1f","jetpack_sharing_enabled":true,"_links":{"self":[{"href":"https:\/\/www.arqueologia.cl\/lcornejo\/index.php?rest_route=\/wp\/v2\/pages\/77"}],"collection":[{"href":"https:\/\/www.arqueologia.cl\/lcornejo\/index.php?rest_route=\/wp\/v2\/pages"}],"about":[{"href":"https:\/\/www.arqueologia.cl\/lcornejo\/index.php?rest_route=\/wp\/v2\/types\/page"}],"author":[{"embeddable":true,"href":"https:\/\/www.arqueologia.cl\/lcornejo\/index.php?rest_route=\/wp\/v2\/users\/1"}],"replies":[{"embeddable":true,"href":"https:\/\/www.arqueologia.cl\/lcornejo\/index.php?rest_route=%2Fwp%2Fv2%2Fcomments&post=77"}],"version-history":[{"count":7,"href":"https:\/\/www.arqueologia.cl\/lcornejo\/index.php?rest_route=\/wp\/v2\/pages\/77\/revisions"}],"predecessor-version":[{"id":674,"href":"https:\/\/www.arqueologia.cl\/lcornejo\/index.php?rest_route=\/wp\/v2\/pages\/77\/revisions\/674"}],"wp:attachment":[{"href":"https:\/\/www.arqueologia.cl\/lcornejo\/index.php?rest_route=%2Fwp%2Fv2%2Fmedia&parent=77"}],"curies":[{"name":"wp","href":"https:\/\/api.w.org\/{rel}","templated":true}]}}