{"id":84,"date":"2011-11-02T22:28:05","date_gmt":"2011-11-03T01:28:05","guid":{"rendered":"http:\/\/www.arqueologia.cl\/lcornejo\/?page_id=84"},"modified":"2020-05-31T12:34:06","modified_gmt":"2020-05-31T16:34:06","slug":"actas-de-2-taller-de-arqueologia-de-chile-central-1994","status":"publish","type":"page","link":"https:\/\/www.arqueologia.cl\/lcornejo\/?page_id=84","title":{"rendered":"II Taller de Arqueolog\u00eda de Chile Central"},"content":{"rendered":"<h2 align=\"center\"><span style=\"line-height: 1.5em;\">ACTAS DEL II TALLER DE ARQUEOLOG\u00cdA DE CHILE CENTRAL (1994)&nbsp;<\/span><\/h2>\n<pre><em>FECHA DE ULTIMA ACTUALIZACION: Abril 2005<\/em><\/pre>\n<p><span style=\"font-size: small; line-height: 1.5em;\">(Para citar utilice el siguiente ejemplo: Hemosilla, Nuriluz. Alero Las Chilcas: 3.000 a\u00f1os de secuencia ocupacional <\/span><em style=\"font-size: small; line-height: 1.5em;\">Arqueolog\u00eda de Chile Central. II Taller (1994)<\/em><span style=\"font-size: small; line-height: 1.5em;\">, 2005. http:\/www.arqueologia.cl\/actas2\/hermosilla.pdf (fecha de acceso)).<\/span><\/p>\n<p>&nbsp;<\/p>\n<p align=\"right\"><strong><a href=\"http:\/\/www.arqueologia.cl\/actas2\/vilchesysaavedra.pdf\" target=\"_blank\" rel=\"noopener noreferrer\"><span style=\"font-size: small;\">ARCAICO TEMPRANO EN LOS ANDES DE CHILE CENTRAL<\/span><\/a><\/strong><\/p>\n<p>&nbsp;<\/p>\n<p align=\"right\"><strong><span style=\"font-size: small;\">Flora Vilches V. y Miguel Saavedra V. (0.93 Mb)<\/span><\/strong><\/p>\n<p>&nbsp;<\/p>\n<p align=\"right\"><strong><a href=\"http:\/\/www.arqueologia.cl\/actas2\/gaeteetal.pdf\" target=\"_blank\" rel=\"noopener noreferrer\"><span style=\"font-size: small;\">EL ARCAICO EN CERRO LAS CONCHAS: ASENTAMIENTO Y SUBSISTENCIA<\/span><\/a><\/strong><\/p>\n<p>&nbsp;<\/p>\n<p align=\"right\"><strong><span style=\"font-size: small;\">Nelson Gaete G., Rodrigo S\u00e1nchez R., Mar\u00eda Loreto Vargas V., Doris Oliva E. y Salom\u00f3n Cumsille L. (0.10 Mb)<\/span><\/strong><\/p>\n<p>&nbsp;<\/p>\n<p align=\"right\"><strong><a href=\"http:\/\/www.arqueologia.cl\/actas2\/jacksonythomas.pdf\"><span style=\"font-size: small;\">EL ARCAICO DE LA COMUNA DE LAMPA, CHILE CENTRAL<\/span><\/a><\/strong><\/p>\n<p>&nbsp;<\/p>\n<p align=\"right\"><strong><span style=\"font-size: small;\">Donald Jackson S. y Carlos Thomas W. (1.78 Mb)<\/span><\/strong><\/p>\n<p>&nbsp;<\/p>\n<p align=\"right\"><strong><a href=\"http:\/\/www.arqueologia.cl\/actas2\/henriquezynovoa.pdf\"><span style=\"font-size: small;\">ANALISIS DE LOS RESTOS OSEOS PROVENIENTES DE LA QUEBRADA MATA GORDA Y FUNDO AGUA AMARILLA, LOS VILOS<\/span><\/a><\/strong><\/p>\n<p>&nbsp;<\/p>\n<p align=\"right\"><strong><span style=\"font-size: small;\">Mario Henr\u00edquez y Ximena Novoa (0.09 Mb)<\/span><\/strong><\/p>\n<p>&nbsp;<\/p>\n<p align=\"right\"><strong><a href=\"http:\/\/www.arqueologia.cl\/actas2\/novoaetal.pdf\"><span style=\"font-size: small;\">ANALISIS COMPARATIVO DE 14 RASGOS METRICOS MANDIBULARES EN POBLACIONES ARQUEOLOGICAS DE CHILE : UNA METODOLOGIA EXPERIMENTAL<\/span><\/a><\/strong><\/p>\n<p>&nbsp;<\/p>\n<p align=\"right\"><strong><span style=\"font-size: small;\">Ximena Novoa, Mario Henr\u00edquez y Loreto Sol\u00e9 (0.15 Mb)<\/span><\/strong><\/p>\n<p>&nbsp;<\/p>\n<p align=\"right\"><strong><a href=\"http:\/\/www.arqueologia.cl\/actas2\/soleetal.pdf\"><span style=\"font-size: small;\">VALLE HERMOSO: CARACTERISTICAS BIOCULTURALES DE LOS LACTANTES, INFANTES Y SUB-ADULTOS<\/span><\/a><\/strong><\/p>\n<p>&nbsp;<\/p>\n<p align=\"right\"><strong><span style=\"font-size: small;\">Mar\u00eda Loreto Sol\u00e9, Jorge Rodr\u00edguez y Cristian Becker (0.14 Mb)<\/span><\/strong><\/p>\n<p>&nbsp;<\/p>\n<p align=\"right\"><strong><a href=\"http:\/\/www.arqueologia.cl\/actas2\/falabella.pdf\"><span style=\"font-size: small;\">EL SITIO ARQUEOL\u00d3GICO EL MERCURIO EN EL CONTEXTO DEL PERIODO ALFARERO TEMPRANO DE CHILE CENTRAL<\/span><\/a><\/strong><\/p>\n<p>&nbsp;<\/p>\n<p align=\"right\"><strong><span style=\"font-size: small;\">Fernanda Falabella G. (2.1 mb)<\/span><\/strong><\/p>\n<p>&nbsp;<\/p>\n<p align=\"right\"><strong><a href=\"http:\/\/www.arqueologia.cl\/actas2\/benaventeetal.pdf\"><span style=\"font-size: small;\">PRACTICAS MORTUORIAS DURANTE EL AGROALFARERO TEMPRANO. UNA REFLEXION SOBRE SU SIGNIFICADO<\/span><\/a><\/strong><\/p>\n<p>&nbsp;<\/p>\n<p align=\"right\"><strong><span style=\"font-size: small;\">M. Antonia Benavente A., Carlos Thomas W. y Rodrigo S\u00e1nchez R. (0.07 Mb)<\/span><\/strong><\/p>\n<p>&nbsp;<\/p>\n<p align=\"right\"><strong><a href=\"http:\/\/www.arqueologia.cl\/actas2\/caceresetal.pdf\"><span style=\"font-size: small;\">ROSARIO RIO: UN ASENTAMIENTO CERAMICO TEMPRANO EN PEUMO (RIO CACHAPOAL &#8211; CHILE CENTRAL)<\/span><\/a><\/strong><\/p>\n<p>&nbsp;<\/p>\n<p align=\"right\"><strong><span style=\"font-size: small;\">Iv\u00e1n C\u00e1ceres, Catherine Westfall, Pablo Miranda y Carlos Carrasco (0.22 Mb)<\/span><\/strong><\/p>\n<p>&nbsp;<\/p>\n<p align=\"right\"><strong><a href=\"http:\/\/www.arqueologia.cl\/actas2\/hermosilla.pdf\"><span style=\"font-size: small;\">ALERO LAS CHILCAS 1: 3.000 A\u00d1OS DE SECUENCIA OCUPACIONAL<\/span><\/a><\/strong><\/p>\n<p>&nbsp;<\/p>\n<p align=\"right\"><strong><span style=\"font-size: small;\">Nuriluz Hermosilla O. (0.41 Mb)<\/span><\/strong><\/p>\n<p>&nbsp;<\/p>\n<p align=\"right\"><strong><a href=\"http:\/\/www.arqueologia.cl\/actas2\/beckerelal.pdf\"><span style=\"font-size: small;\">\u00bfUN NUEVO GRUPO CULTURAL EN VALLE HERMOSO?<\/span><\/a><\/strong><\/p>\n<p>&nbsp;<\/p>\n<p align=\"right\"><strong><span style=\"font-size: small;\">Cristian Becker A., Jorge Rodr\u00edguez L. y M. Loreto Sol\u00e9 V. (0.33 Mb)<\/span><\/strong><\/p>\n<p>&nbsp;<\/p>\n<p align=\"right\"><strong><a href=\"http:\/\/www.arqueologia.cl\/actas2\/simonetti.pdf\"><span style=\"font-size: small;\">PALEOECOLOGIA DE MICROMAMIFEROS DE CHILE CENTRAL: LA HISTORIA DE UN EMPOBRECIMIENTO<\/span><\/a><\/strong><\/p>\n<p>&nbsp;<\/p>\n<p align=\"right\"><strong><span style=\"font-size: small;\">Javier A. Simonetti (0.11 Mb)<\/span><\/strong><\/p>\n<p>&nbsp;<\/p>\n<p align=\"right\"><strong><a href=\"http:\/\/www.arqueologia.cl\/actas2\/saavedra.pdf\"><span style=\"font-size: small;\">TAFONOMIA DE MICROMAMIFEROS EN ALEROS DE CHILE CENTRAL<\/span><\/a><\/strong><\/p>\n<p>&nbsp;<\/p>\n<p align=\"right\"><strong><span style=\"font-size: small;\">B\u00e1rabara Saavedra (0.60 Mb)<\/span><\/strong><\/p>\n<p>&nbsp;<\/p>\n<p align=\"right\"><strong><a href=\"http:\/\/www.arqueologia.cl\/actas2\/rossen.pdf\"><span style=\"font-size: small;\">ARQUEOBOTANICA DE CERRO GRANDE DE LA COMPA\u00d1IA <\/span><\/a><\/strong><\/p>\n<p>&nbsp;<\/p>\n<p align=\"right\"><strong><span style=\"font-size: small;\">Jack Rossen (0.167 Mb)<\/span><\/strong><\/p>\n<p>&nbsp;<\/p>\n<p align=\"right\"><strong><a href=\"http:\/\/www.arqueologia.cl\/actas2\/avalosyrodriguez.pdf\"><span style=\"font-size: small;\">PERIODO ALFARERO EN EL INTERFLUVIO COSTERO PETORCA &#8211; QUILIMARI<\/span><\/a><\/strong><\/p>\n<p>&nbsp;<\/p>\n<p align=\"right\"><strong><span style=\"font-size: small;\">Hern\u00e1n Avalos y Jorge Rodr\u00edguez (0.12 Mb)<\/span><\/strong><\/p>\n<p>&nbsp;<\/p>\n<p align=\"right\"><strong><a href=\"http:\/\/www.arqueologia.cl\/actas2\/sanhuezaetal.pdf\"><span style=\"font-size: small;\">OCUPACIONES ARQUEOLOGICAS DE LA PRECORDILLERA Y CORDILLERA DE LA CUENCA DEL RIO MAULE: UN PANORAMA GENERAL<\/span><\/a><\/strong><\/p>\n<p>&nbsp;<\/p>\n<p align=\"right\"><strong><span style=\"font-size: small;\">Lorena Sanhueza, Flora Vilches, Charles Rees, Catherine Westfall y Andrea Seelenfreund (0.87 Mb)<\/span><\/strong><\/p>\n<p>&nbsp;<\/p>\n<p align=\"right\"><strong><a href=\"http:\/\/www.arqueologia.cl\/actas2\/sanchezygaete.pdf\"><span style=\"font-size: small;\">EL PERIODO ALFARERO AL SUR DEL MAULE<\/span><\/a><\/strong><\/p>\n<p>&nbsp;<\/p>\n<p align=\"right\"><strong><span style=\"font-size: small;\">Rodrigo S\u00e1nchez R. y Nelson Gaete G. (0.11 Mb)<\/span><\/strong><\/p>\n<p>&nbsp;<\/p>\n<p align=\"right\"><strong><a href=\"http:\/\/www.arqueologia.cl\/actas2\/caceresetal2.pdf\"><span style=\"font-size: small;\">ASENTAMIENTOS CERAMICOS TARDIOS EN EL CURSO MEDIO DEL RIO CACHAPOAL. CHILE CENTRAL<\/span><\/a><\/strong><\/p>\n<p>&nbsp;<\/p>\n<p align=\"right\"><strong><span style=\"font-size: small;\">Iv\u00e1s C\u00e1ceres Roque, Catherine Westfall y Francisco Gallardo (0.27 Mb)<\/span><\/strong><\/p>\n<p>&nbsp;<\/p>\n<p align=\"right\"><strong><a href=\"http:\/\/www.arqueologia.cl\/actas2\/cornejo.pdf\"><span style=\"font-size: small;\">ASENTAMIENTO DEL COMPLEJO ACONCAGUA EN EL MANZANO: ESTUDIOS EN UN SITIO AGONICO<\/span><\/a><\/strong><\/p>\n<p>&nbsp;<\/p>\n<p align=\"right\"><strong><span style=\"font-size: small;\">Luis E. Cornejo B. (1.1 Mb)<\/span><\/strong><\/p>\n<p>&nbsp;<\/p>\n<p align=\"right\"><strong><a href=\"http:\/\/www.arqueologia.cl\/actas2\/falabellaetal.pdf\"><span style=\"font-size: small;\">LA CERAMICA ACONCAGUA: MAS ALLA DEL ESTILO<\/span><\/a><\/strong><\/p>\n<p>&nbsp;<\/p>\n<p align=\"right\"><strong><span style=\"font-size: small;\">Fernanda Falabella, Alvaro Rom\u00e1n, Angel Deza y Eliana Almendras (0.14 Mb)<\/span><\/strong><\/p>\n<p>&nbsp;<\/p>\n<p align=\"right\"><strong><a href=\"http:\/\/www.arqueologia.cl\/actas2\/thomasymassone.pdf\"><span style=\"font-size: small;\">EL COMPLEJO CULTURAL ACONCAGUA: UNA CONSIDERACION DESDE UN <\/span><span style=\"font-size: small;\">ENFOQUE ESTRUCTURAL<\/span><\/a><\/strong><\/p>\n<p>&nbsp;<\/p>\n<p align=\"right\"><strong><span style=\"font-size: small;\">Carlos Thomas W. y Claudio Massone M. (0.07 Mb)<\/span><\/strong><\/p>\n<p>&nbsp;<\/p>\n<p align=\"right\"><strong><a href=\"http:\/\/www.arqueologia.cl\/actas2\/vasquez.pdf\"><span style=\"font-size: small;\">CONTEXTOS CERAMICOS INCAICOS DE CHILE CENTRAL<\/span><\/a><\/strong><\/p>\n<p>&nbsp;<\/p>\n<p align=\"right\"><strong><span style=\"font-size: small;\">Mario V\u00e1squez M. (0.95 Mb)<\/span><\/strong><\/p>\n<p>&nbsp;<\/p>\n<p align=\"right\"><strong><a href=\"http:\/\/www.arqueologia.cl\/actas2\/manriquezyplanella.pdf\"><span style=\"font-size: small;\">PERSPECTIVAS DE INVESTIGACION ARQUEOLOGICA A PARTIR DE LOS RESULTADOS DEL ESTUDIO ETNOHISTORICO SISTEMATICO DE UNA REGION DE CHILE CENTRAL<\/span><\/a><\/strong><\/p>\n<p>&nbsp;<\/p>\n<p align=\"right\"><strong><span style=\"font-size: small;\">Viviana Manr\u00edquez S. y Mar\u00eda Teresa Planella O. (0.12 Mb)<\/span><\/strong><\/p>\n<p>&nbsp;<\/p>\n<p><span style=\"font-family: Times New Roman; font-size: small;\">&nbsp;<\/span><br \/>\n<script type=\"mce-text\/javascript\">\/\/ <![CDATA[\n\n\n\u00a0 var _gaq = _gaq || [];<br \/>\n\u00a0 _gaq.push(['_setAccount', 'UA-4811514-1']);<br \/>\n\u00a0 _gaq.push(['_trackPageview']);<\/p>\n\n\n\n\n<p>\u00a0 (function() {<br \/>\n\u00a0 \u00a0 var ga = document.createElement('script'); ga.type = 'text\/javascript'; ga.async = true;<br \/>\n\u00a0 \u00a0 ga.src = ('https:' == document.location.protocol ? 'https:\/\/ssl' : 'http:\/\/www') + '.google-analytics.com\/ga.js';<br \/>\n\u00a0 \u00a0 var s = document.getElementsByTagName('script')[0]; s.parentNode.insertBefore(ga, s);<br \/>\n\u00a0 })();<\/p>\n\n\n\n\n<p>\/\/ ]]><\/script><\/p>\n","protected":false},"excerpt":{"rendered":"<p>ACTAS DEL II TALLER DE ARQUEOLOG\u00cdA DE CHILE CENTRAL (1994)&nbsp; FECHA DE ULTIMA ACTUALIZACION: Abril 2005 (Para citar utilice el siguiente ejemplo: Hemosilla, Nuriluz. Alero Las Chilcas: 3.000 a\u00f1os de secuencia ocupacional Arqueolog\u00eda de Chile Central. II Taller (1994), 2005. http:\/www.arqueologia.cl\/actas2\/hermosilla.pdf (fecha de acceso)). &nbsp; ARCAICO TEMPRANO EN LOS ANDES DE CHILE CENTRAL &nbsp; Flora &hellip; <a href=\"https:\/\/www.arqueologia.cl\/lcornejo\/?page_id=84\" class=\"more-link\">Seguir leyendo <span class=\"screen-reader-text\">II Taller de Arqueolog\u00eda de Chile Central<\/span> <span class=\"meta-nav\">&rarr;<\/span><\/a><\/p>\n","protected":false},"author":1,"featured_media":0,"parent":0,"menu_order":0,"comment_status":"open","ping_status":"open","template":"","meta":{"jetpack_post_was_ever_published":false},"jetpack_shortlink":"https:\/\/wp.me\/P1Zj5N-1m","jetpack_sharing_enabled":true,"_links":{"self":[{"href":"https:\/\/www.arqueologia.cl\/lcornejo\/index.php?rest_route=\/wp\/v2\/pages\/84"}],"collection":[{"href":"https:\/\/www.arqueologia.cl\/lcornejo\/index.php?rest_route=\/wp\/v2\/pages"}],"about":[{"href":"https:\/\/www.arqueologia.cl\/lcornejo\/index.php?rest_route=\/wp\/v2\/types\/page"}],"author":[{"embeddable":true,"href":"https:\/\/www.arqueologia.cl\/lcornejo\/index.php?rest_route=\/wp\/v2\/users\/1"}],"replies":[{"embeddable":true,"href":"https:\/\/www.arqueologia.cl\/lcornejo\/index.php?rest_route=%2Fwp%2Fv2%2Fcomments&post=84"}],"version-history":[{"count":13,"href":"https:\/\/www.arqueologia.cl\/lcornejo\/index.php?rest_route=\/wp\/v2\/pages\/84\/revisions"}],"predecessor-version":[{"id":879,"href":"https:\/\/www.arqueologia.cl\/lcornejo\/index.php?rest_route=\/wp\/v2\/pages\/84\/revisions\/879"}],"wp:attachment":[{"href":"https:\/\/www.arqueologia.cl\/lcornejo\/index.php?rest_route=%2Fwp%2Fv2%2Fmedia&parent=84"}],"curies":[{"name":"wp","href":"https:\/\/api.w.org\/{rel}","templated":true}]}}