{"id":95,"date":"2011-11-02T23:22:38","date_gmt":"2011-11-03T02:22:38","guid":{"rendered":"http:\/\/www.arqueologia.cl\/lcornejo\/?page_id=95"},"modified":"2012-08-16T09:00:52","modified_gmt":"2012-08-16T13:00:52","slug":"fuentes-bibliograficas","status":"publish","type":"page","link":"https:\/\/www.arqueologia.cl\/lcornejo\/?page_id=95","title":{"rendered":"Fuentes Bibliogr\u00e1ficas"},"content":{"rendered":"<p>&nbsp;<\/p>\n<p><a href=\"http:\/\/www.mediafire.com\/?sharekey=3105acea7c0e8adf1ed9267eb2bc13f4d1067ff818636de1\"><span style=\"font-family: Times New Roman; font-size: small;\">BIBLIOGRAFIA EN GENERAL<\/span><\/a><\/p>\n<p><a href=\"http:\/\/www.mediafire.com\/?sharekey=a8ad3f36ccecffc84012e8015643d9c8170d9bea93be39d5\"><span style=\"font-family: Times New Roman; font-size: small;\">PATRONES DE ASENTAMIENTO<\/span><\/a><\/p>\n<p><a href=\"http:\/\/www.mediafire.com\/?sharekey=a8ad3f36ccecffc84012e8015643d9c88a00a5b9179ac0a2\"><span style=\"font-family: Times New Roman; font-size: small;\">PROSPECCION<\/span><\/a><\/p>\n<p><a href=\"http:\/\/www.mediafire.com\/?sharekey=a8ad3f36ccecffc84012e8015643d9c84a9d5eb1ee5a98fc\"><span style=\"font-family: Times New Roman; font-size: small;\">VISIBILIDAD<\/span><\/a><\/p>\n<p><a href=\"http:\/\/www.mediafire.com\/?sharekey=3105acea7c0e8adffe3b34dc824d41a05a0d42bb2021966f\"><span style=\"font-family: Times New Roman; font-size: small;\">BIBLIOGRAFIA CHILENA<\/span><\/a><\/p>\n<p><span style=\"font-family: Times New Roman; font-size: small;\">Estos enlaces dan acceso a una p\u00e1gina en <\/span><a href=\"http:\/\/www.mediafire.com\/\"><span style=\"font-family: Times New Roman; font-size: small;\">www.mediafire.com<\/span><\/a><span style=\"font-family: Times New Roman; font-size: small;\">. Una vez seleccionado el archivo que te interesa bajar, debes apuntar sobre su nombre y se abrir\u00e1 otra p\u00e1gina, donde debes esperar a aparezca el mensaje <\/span><strong>Click here to start download..<\/strong><span style=\"font-size: small;\"><span style=\"font-family: Times New Roman;\"> y apuntar en \u00e9l. En el caso de los art\u00edculos m\u00e1s largos, pueden perderse las extensiones de los archivos (.pdf) y es necesario agreg\u00e1rselas manualmente para que puedan ser reconocidos como archivos PDF.<\/span><\/span><br \/>\n<script type=\"text\/javascript\"><\/p>\n<p>  var _gaq = _gaq || [];\n  _gaq.push(['_setAccount', 'UA-4811514-1']);\n  _gaq.push(['_trackPageview']);<\/p>\n<p>  (function() {\n    var ga = document.createElement('script'); ga.type = 'text\/javascript'; ga.async = true;\n    ga.src = ('https:' == document.location.protocol ? 'https:\/\/ssl' : 'http:\/\/www') + '.google-analytics.com\/ga.js';\n    var s = document.getElementsByTagName('script')[0]; s.parentNode.insertBefore(ga, s);\n  })();<\/p>\n<p><\/script><\/p>\n","protected":false},"excerpt":{"rendered":"<p>&nbsp; BIBLIOGRAFIA EN GENERAL PATRONES DE ASENTAMIENTO PROSPECCION VISIBILIDAD BIBLIOGRAFIA CHILENA Estos enlaces dan acceso a una p\u00e1gina en www.mediafire.com. Una vez seleccionado el archivo que te interesa bajar, debes apuntar sobre su nombre y se abrir\u00e1 otra p\u00e1gina, donde debes esperar a aparezca el mensaje Click here to start download.. y apuntar en \u00e9l. &hellip; <a href=\"https:\/\/www.arqueologia.cl\/lcornejo\/?page_id=95\" class=\"more-link\">Seguir leyendo <span class=\"screen-reader-text\">Fuentes Bibliogr\u00e1ficas<\/span> <span class=\"meta-nav\">&rarr;<\/span><\/a><\/p>\n","protected":false},"author":1,"featured_media":0,"parent":0,"menu_order":0,"comment_status":"open","ping_status":"open","template":"","meta":{"jetpack_post_was_ever_published":false},"jetpack_shortlink":"https:\/\/wp.me\/P1Zj5N-1x","jetpack_sharing_enabled":true,"_links":{"self":[{"href":"https:\/\/www.arqueologia.cl\/lcornejo\/index.php?rest_route=\/wp\/v2\/pages\/95"}],"collection":[{"href":"https:\/\/www.arqueologia.cl\/lcornejo\/index.php?rest_route=\/wp\/v2\/pages"}],"about":[{"href":"https:\/\/www.arqueologia.cl\/lcornejo\/index.php?rest_route=\/wp\/v2\/types\/page"}],"author":[{"embeddable":true,"href":"https:\/\/www.arqueologia.cl\/lcornejo\/index.php?rest_route=\/wp\/v2\/users\/1"}],"replies":[{"embeddable":true,"href":"https:\/\/www.arqueologia.cl\/lcornejo\/index.php?rest_route=%2Fwp%2Fv2%2Fcomments&post=95"}],"version-history":[{"count":2,"href":"https:\/\/www.arqueologia.cl\/lcornejo\/index.php?rest_route=\/wp\/v2\/pages\/95\/revisions"}],"predecessor-version":[{"id":380,"href":"https:\/\/www.arqueologia.cl\/lcornejo\/index.php?rest_route=\/wp\/v2\/pages\/95\/revisions\/380"}],"wp:attachment":[{"href":"https:\/\/www.arqueologia.cl\/lcornejo\/index.php?rest_route=%2Fwp%2Fv2%2Fmedia&parent=95"}],"curies":[{"name":"wp","href":"https:\/\/api.w.org\/{rel}","templated":true}]}}